{"id":1676,"date":"2020-03-04T17:08:39","date_gmt":"2020-03-04T17:08:39","guid":{"rendered":"https:\/\/www.reykjavikescape.is\/?page_id=1676"},"modified":"2022-05-10T13:16:19","modified_gmt":"2022-05-10T13:16:19","slug":"barnaafmaeli","status":"publish","type":"page","link":"https:\/\/www.reykjavikescape.is\/en\/hopar\/barnaafmaeli\/","title":{"rendered":"Birthday Parties"},"content":{"rendered":"<p><div class=\"fusion-fullwidth fullwidth-box fusion-builder-row-1 nonhundred-percent-fullwidth non-hundred-percent-height-scrolling\" style=\"background-color: #eeeeee;background-position: left top;background-repeat: no-repeat;padding-top:75px;padding-right:0px;padding-bottom:60px;padding-left:0px;margin-bottom: 0px;margin-top: 0px;border-width: 0px 0px 0px 0px;border-color:#eae9e9;border-style:solid;\" ><div class=\"fusion-builder-row fusion-row\"><div class=\"fusion-layout-column fusion_builder_column fusion-builder-column-0 fusion_builder_column_1_1 1_1 fusion-one-full fusion-column-first fusion-column-last\" style=\"margin-top:0px;margin-bottom:20px;\"><div class=\"fusion-column-wrapper fusion-flex-column-wrapper-legacy\" style=\"background-position:left top;background-repeat:no-repeat;-webkit-background-size:cover;-moz-background-size:cover;-o-background-size:cover;background-size:cover;padding: 0px 0px 0px 0px;\"><div class=\"fusion-text fusion-text-1\"><h3 class=\"\" style=\"--fontsize: 26; line-height: 1.31;\" data-fontsize=\"26\" data-lineheight=\"34.06px\">Throw your kid's birthday party here at Reykjavik Escape!<\/h3>\n<p>Your kid's birthday should be fun, unique and unforgettable. Throwing a birthday party can be exhausting and often messy. Why not let us take care of it for you? You simply book your birthday party with us, invite your guests and we make sure your birthday party will be the talk of the town!<\/p>\n<p>Unfortunately we do not offer refreshments but don't dispare because we have many excellent restaurants in walking distance and ending the birthday party with some ice cream from the nearest ice cream store is a popular solution.<\/p>\n<p>The best rooms for kid's birthday parties:<\/p>\n<ul>\n<li>Prison Break - 2-6 players<\/li>\n<li>The Scientist - 2-6 players<\/li>\n<li>The Mafia - 2-6 players<\/li>\n<li>Bank Heist &#8211; 2-6 \u00fe\u00e1tttakendur<\/li>\n<li>The Dollhouse (Att - dark and scary) - 4-7 players<\/li>\n<\/ul>\n<p>We do everything we can to ensure that your birthday party will be fun and rememberable. What's more - we invite the birthday boy\/girl free of charge!<\/p>\n<p>To book your birthday party or for more details please contact us either by email to info@reykjavikescape.com or by calling us at +354 546 0100 <a href=\"mailto:info@reykjavikescape.is\"><\/p><\/a> <\/p><\/p>\n<p><b>Price per child is 3.600 ISK every day and once again - we invite the birthday boy\/girl free of charge!<\/b><b>.<\/b><\/p>\n<\/div><div class=\"fusion-clearfix\"><\/div><\/div><\/div><\/div><\/div><div class=\"fusion-fullwidth fullwidth-box fusion-builder-row-2 fusion-parallax-none hundred-percent-fullwidth non-hundred-percent-height-scrolling\" style=\"background-color: #a32431;background-image: url(&quot;https:\/\/www.reykjavikescape.is\/wp-content\/uploads\/2015\/02\/RE_Red_Backgorund1.jpg&quot;);background-position: center center;background-repeat: no-repeat;padding-top:100px;padding-right:10%;padding-bottom:100px;padding-left:10%;margin-bottom: 0px;margin-top: 0px;border-width: 0px 0px 0px 0px;border-color:#eae9e9;border-style:solid;-webkit-background-size:cover;-moz-background-size:cover;-o-background-size:cover;background-size:cover;\" ><div class=\"fusion-builder-row fusion-row\"><div class=\"fusion-layout-column fusion_builder_column fusion-builder-column-1 fusion_builder_column_1_1 1_1 fusion-one-full fusion-column-first fusion-column-last fusion-column-no-min-height\" style=\"margin-top:0px;margin-bottom:0px;\"><div class=\"fusion-column-wrapper fusion-flex-column-wrapper-legacy\" style=\"background-position:left top;background-repeat:no-repeat;-webkit-background-size:cover;-moz-background-size:cover;-o-background-size:cover;background-size:cover;padding: 0px 0px 0px 0px;\"><div class=\"fusion-text fusion-text-2\"><h1 class=\"trans shadow upp\" style=\"text-align: center;\">Our escape rooms<\/h1>\n<\/div><div class=\"fusion-sep-clear\"><\/div><div class=\"fusion-separator\" style=\"margin-left: auto;margin-right: auto;margin-top:50px;margin-bottom:60px;width:100%;max-width:33%;\"><div class=\"fusion-separator-border sep-single sep-dashed\" style=\"border-color:#222222;border-top-width:10px;\"><\/div><\/div><div class=\"fusion-sep-clear\"><\/div><div class=\"fusion-clearfix\"><\/div><\/div><\/div><div class=\"fusion-layout-column fusion_builder_column fusion-builder-column-2 fusion_builder_column_1_3 1_3 fusion-one-third fusion-column-first\" style=\"width:30.6666%; margin-right: 4%;margin-top:0px;margin-bottom:20px;\"><div class=\"fusion-column-wrapper fusion-flex-column-wrapper-legacy\" style=\"background-position:left top;background-repeat:no-repeat;-webkit-background-size:cover;-moz-background-size:cover;-o-background-size:cover;background-size:cover;background-color:#ffffff;padding: 0px 0px 0px 0px;\"><span class=\"fusion-imageframe imageframe-none imageframe-1 hover-type-none\"><a class=\"fusion-no-lightbox\" href=\"https:\/\/www.reykjavikescape.is\/en\/leikir\/prison-break\/\" target=\"_self\" aria-label=\"2\"><img decoding=\"async\" width=\"1900\" height=\"1300\" src=\"https:\/\/www.reykjavikescape.is\/wp-content\/uploads\/2021\/02\/2-1.jpg\" class=\"img-responsive wp-image-1758\"\/><\/a><\/span><div class=\"fusion-sep-clear\"><\/div><div class=\"fusion-separator fusion-full-width-sep\" style=\"margin-left: auto;margin-right: auto;width:100%;\"><\/div><div class=\"fusion-sep-clear\"><\/div><div class=\"fusion-text fusion-text-3\"><h3 style=\"text-align: center;\"><span style=\"color: #64020c;\"><a style=\"color: #64020c;\" href=\"https:\/\/www.reykjavikescape.is\/en\/leikir\/prison-break\/\">Prison Break<\/a><\/span><\/h3>\n<\/div><div class=\"fusion-clearfix\"><\/div><\/div><\/div><div class=\"fusion-layout-column fusion_builder_column fusion-builder-column-3 fusion_builder_column_1_3 1_3 fusion-one-third\" style=\"width:30.6666%; margin-right: 4%;margin-top:0px;margin-bottom:20px;\"><div class=\"fusion-column-wrapper fusion-flex-column-wrapper-legacy\" style=\"background-position:left top;background-repeat:no-repeat;-webkit-background-size:cover;-moz-background-size:cover;-o-background-size:cover;background-size:cover;background-color:#ffffff;padding: 0px 0px 0px 0px;\"><span class=\"fusion-imageframe imageframe-none imageframe-2 hover-type-none\"><a class=\"fusion-no-lightbox\" href=\"https:\/\/www.reykjavikescape.is\/en\/leikir\/bankheist\/\" target=\"_self\" aria-label=\"bank-heist\"><img decoding=\"async\" width=\"1900\" height=\"1300\" src=\"https:\/\/www.reykjavikescape.is\/wp-content\/uploads\/2022\/01\/bank-heist.jpg\" class=\"img-responsive wp-image-2011\" srcset=\"https:\/\/www.reykjavikescape.is\/wp-content\/uploads\/2022\/01\/bank-heist-200x137.jpg 200w, https:\/\/www.reykjavikescape.is\/wp-content\/uploads\/2022\/01\/bank-heist-400x274.jpg 400w, https:\/\/www.reykjavikescape.is\/wp-content\/uploads\/2022\/01\/bank-heist-600x411.jpg 600w, https:\/\/www.reykjavikescape.is\/wp-content\/uploads\/2022\/01\/bank-heist-800x547.jpg 800w, https:\/\/www.reykjavikescape.is\/wp-content\/uploads\/2022\/01\/bank-heist-1200x821.jpg 1200w, https:\/\/www.reykjavikescape.is\/wp-content\/uploads\/2022\/01\/bank-heist.jpg 1900w\" sizes=\"(max-width: 800px) 100vw, 400px\" \/><\/a><\/span><div class=\"fusion-sep-clear\"><\/div><div class=\"fusion-separator fusion-full-width-sep\" style=\"margin-left: auto;margin-right: auto;width:100%;\"><\/div><div class=\"fusion-sep-clear\"><\/div><div class=\"fusion-text fusion-text-4\"><h3 style=\"text-align: center;\"><a href=\"https:\/\/www.reykjavikescape.is\/en\/leikir\/bankheist\/\"><span style=\"color: #64020c;\">Bank Heist<\/span><\/a><\/h3>\n<\/div><div class=\"fusion-clearfix\"><\/div><\/div><\/div><div class=\"fusion-layout-column fusion_builder_column fusion-builder-column-4 fusion_builder_column_1_3 1_3 fusion-one-third fusion-column-last\" style=\"width:30.6666%;margin-top:0px;margin-bottom:20px;\"><div class=\"fusion-column-wrapper fusion-flex-column-wrapper-legacy\" style=\"background-position:left top;background-repeat:no-repeat;-webkit-background-size:cover;-moz-background-size:cover;-o-background-size:cover;background-size:cover;background-color:#ffffff;padding: 0px 0px 0px 0px;\"><span class=\"fusion-imageframe imageframe-none imageframe-3 hover-type-none\"><a class=\"fusion-no-lightbox\" href=\"https:\/\/www.reykjavikescape.is\/en\/leikir\/the-scientist\/\" target=\"_self\" aria-label=\"3\"><img decoding=\"async\" width=\"1900\" height=\"1300\" src=\"https:\/\/www.reykjavikescape.is\/wp-content\/uploads\/2021\/02\/3-1.jpg\" class=\"img-responsive wp-image-1757\"\/><\/a><\/span><div class=\"fusion-sep-clear\"><\/div><div class=\"fusion-separator fusion-full-width-sep\" style=\"margin-left: auto;margin-right: auto;width:100%;\"><\/div><div class=\"fusion-sep-clear\"><\/div><div class=\"fusion-text fusion-text-5\"><h3 style=\"text-align: center;\"><span style=\"color: #64020c;\"><a style=\"color: #64020c;\" href=\"https:\/\/www.reykjavikescape.is\/en\/leikir\/the-scientist\/\">The Scientist<\/a><\/span><\/h3>\n<\/div><div class=\"fusion-clearfix\"><\/div><\/div><\/div><div class=\"fusion-layout-column fusion_builder_column fusion-builder-column-5 fusion_builder_column_1_6 1_6 fusion-one-sixth fusion-column-first\" style=\"width:13.3333%; margin-right: 4%;margin-top:0px;margin-bottom:20px;\"><div class=\"fusion-column-wrapper fusion-flex-column-wrapper-legacy\" style=\"background-position:left top;background-repeat:no-repeat;-webkit-background-size:cover;-moz-background-size:cover;-o-background-size:cover;background-size:cover;padding: 0px 0px 0px 0px;\"><div class=\"fusion-clearfix\"><\/div><\/div><\/div><div class=\"fusion-layout-column fusion_builder_column fusion-builder-column-6 fusion_builder_column_1_3 1_3 fusion-one-third\" style=\"width:30.6666%; margin-right: 4%;margin-top:0px;margin-bottom:20px;\"><div class=\"fusion-column-wrapper fusion-flex-column-wrapper-legacy\" style=\"background-position:left top;background-repeat:no-repeat;-webkit-background-size:cover;-moz-background-size:cover;-o-background-size:cover;background-size:cover;background-color:#ffffff;padding: 0px 0px 0px 0px;\"><span class=\"fusion-imageframe imageframe-none imageframe-4 hover-type-none\"><a class=\"fusion-no-lightbox\" href=\"https:\/\/www.reykjavikescape.is\/en\/leikir\/dukkuhusid\/\" target=\"_self\" aria-label=\"Copy of rvk-esc-rooms\"><img decoding=\"async\" width=\"1900\" height=\"1300\" src=\"https:\/\/www.reykjavikescape.is\/wp-content\/uploads\/2021\/02\/Copy-of-rvk-esc-rooms.jpg\" class=\"img-responsive wp-image-1765\"\/><\/a><\/span><div class=\"fusion-sep-clear\"><\/div><div class=\"fusion-separator fusion-full-width-sep\" style=\"margin-left: auto;margin-right: auto;width:100%;\"><\/div><div class=\"fusion-sep-clear\"><\/div><div class=\"fusion-text fusion-text-6\"><h3 style=\"text-align: center;\"><span style=\"color: #64020c;\"><a style=\"color: #64020c;\" href=\"https:\/\/www.reykjavikescape.is\/en\/leikir\/dukkuhusid\/\">The Dollhouse<\/a><\/span><\/h3>\n<\/div><div class=\"fusion-clearfix\"><\/div><\/div><\/div><div class=\"fusion-layout-column fusion_builder_column fusion-builder-column-7 fusion_builder_column_1_3 1_3 fusion-one-third\" style=\"width:30.6666%; margin-right: 4%;margin-top:0px;margin-bottom:20px;\"><div class=\"fusion-column-wrapper fusion-flex-column-wrapper-legacy\" style=\"background-position:left top;background-repeat:no-repeat;-webkit-background-size:cover;-moz-background-size:cover;-o-background-size:cover;background-size:cover;background-color:#ffffff;padding: 0px 0px 0px 0px;\"><span class=\"fusion-imageframe imageframe-none imageframe-5 hover-type-none\"><a class=\"fusion-no-lightbox\" href=\"https:\/\/www.reykjavikescape.is\/en\/leikir\/gudfadirinn\/\" target=\"_self\" aria-label=\"4\"><img decoding=\"async\" width=\"1900\" height=\"1300\" src=\"https:\/\/www.reykjavikescape.is\/wp-content\/uploads\/2021\/02\/4-1.jpg\" class=\"img-responsive wp-image-1756\"\/><\/a><\/span><div class=\"fusion-sep-clear\"><\/div><div class=\"fusion-separator fusion-full-width-sep\" style=\"margin-left: auto;margin-right: auto;width:100%;\"><\/div><div class=\"fusion-sep-clear\"><\/div><div class=\"fusion-text fusion-text-7\"><h3 style=\"text-align: center;\"><span style=\"color: #64020c;\"><a style=\"color: #64020c;\" href=\"https:\/\/www.reykjavikescape.is\/en\/leikir\/gudfadirinn\/\">The Mafia<\/a><\/span><\/h3>\n<\/div><div class=\"fusion-clearfix\"><\/div><\/div><\/div><div class=\"fusion-layout-column fusion_builder_column fusion-builder-column-8 fusion_builder_column_1_6 1_6 fusion-one-sixth fusion-column-last\" style=\"width:13.3333%;margin-top:0px;margin-bottom:20px;\"><div class=\"fusion-column-wrapper fusion-flex-column-wrapper-legacy\" style=\"background-position:left top;background-repeat:no-repeat;-webkit-background-size:cover;-moz-background-size:cover;-o-background-size:cover;background-size:cover;padding: 0px 0px 0px 0px;\"><div class=\"fusion-clearfix\"><\/div><\/div><\/div><div class=\"fusion-layout-column fusion_builder_column fusion-builder-column-9 fusion_builder_column_1_1 1_1 fusion-one-full fusion-column-first fusion-column-last fusion-column-no-min-height\" style=\"margin-top:0px;margin-bottom:0px;\"><div class=\"fusion-column-wrapper fusion-flex-column-wrapper-legacy\" style=\"background-position:left top;background-repeat:no-repeat;-webkit-background-size:cover;-moz-background-size:cover;-o-background-size:cover;background-size:cover;padding: 0px 0px 0px 0px;\"><div class=\"fusion-sep-clear\"><\/div><div class=\"fusion-separator\" style=\"margin-left: auto;margin-right: auto;margin-top:50px;margin-bottom:50px;width:100%;max-width:33%;\"><div class=\"fusion-separator-border sep-single sep-dashed\" style=\"border-color:#222222;border-top-width:10px;\"><\/div><\/div><div class=\"fusion-sep-clear\"><\/div><div class=\"fusion-clearfix\"><\/div><\/div><\/div><\/div><\/div><\/p>","protected":false},"excerpt":{"rendered":"","protected":false},"author":8,"featured_media":0,"parent":1119,"menu_order":0,"comment_status":"closed","ping_status":"closed","template":"100-width.php","meta":[],"yoast_head":"<!-- This site is optimized with the Yoast SEO plugin v21.1 - https:\/\/yoast.com\/wordpress\/plugins\/seo\/ -->\n<title>Barnaafm\u00e6li - Reykjav\u00edk Escape<\/title>\n<meta name=\"description\" content=\"Haltu afm\u00e6li\u00f0 hj\u00e1 Reykjavik Escape!Afm\u00e6lisdagur barnsins \u00fe\u00edns \u00e1 a\u00f0 vera skemmtilegur, einstakur og eftirminnilegur. A\u00f0 halda barnaafm\u00e6li getur veri\u00f0\u00a0yfir\u00feyrmandi og fr\u00e1gangurinn oft mikill. Hv\u00ed ekki a\u00f0 leyfa okkur a\u00f0 sj\u00e1 um \u00fea\u00f0 fyrir \u00feig? \u00de\u00fa einfaldlega b\u00f3kar afm\u00e6li\u00f0 hj\u00e1 okkur, b\u00fd\u00f0ur gestunum og vi\u00f0 sj\u00e1um til \u00feess a\u00f0 afm\u00e6li\u00f0 sl\u00e1i \u00ed gegn!\" \/>\n<meta name=\"robots\" content=\"index, follow, max-snippet:-1, max-image-preview:large, max-video-preview:-1\" \/>\n<link rel=\"canonical\" href=\"https:\/\/www.reykjavikescape.is\/en\/hopar\/barnaafmaeli\/\" \/>\n<meta property=\"og:locale\" content=\"en_US\" \/>\n<meta property=\"og:type\" content=\"article\" \/>\n<meta property=\"og:title\" content=\"Barnaafm\u00e6li - Reykjav\u00edk Escape\" \/>\n<meta property=\"og:description\" content=\"Haltu afm\u00e6li\u00f0 hj\u00e1 Reykjavik Escape!Afm\u00e6lisdagur barnsins \u00fe\u00edns \u00e1 a\u00f0 vera skemmtilegur, einstakur og eftirminnilegur. A\u00f0 halda barnaafm\u00e6li getur veri\u00f0\u00a0yfir\u00feyrmandi og fr\u00e1gangurinn oft mikill. Hv\u00ed ekki a\u00f0 leyfa okkur a\u00f0 sj\u00e1 um \u00fea\u00f0 fyrir \u00feig? \u00de\u00fa einfaldlega b\u00f3kar afm\u00e6li\u00f0 hj\u00e1 okkur, b\u00fd\u00f0ur gestunum og vi\u00f0 sj\u00e1um til \u00feess a\u00f0 afm\u00e6li\u00f0 sl\u00e1i \u00ed gegn!\" \/>\n<meta property=\"og:url\" content=\"https:\/\/www.reykjavikescape.is\/en\/hopar\/barnaafmaeli\/\" \/>\n<meta property=\"og:site_name\" content=\"Reykjav\u00edk Escape\" \/>\n<meta property=\"article:publisher\" content=\"https:\/\/www.facebook.com\/reykjavikescape\/\" \/>\n<meta property=\"article:modified_time\" content=\"2022-05-10T13:16:19+00:00\" \/>\n<meta name=\"twitter:card\" content=\"summary_large_image\" \/>\n<meta name=\"twitter:site\" content=\"@ReykjavikEscape\" \/>\n<meta name=\"twitter:label1\" content=\"Est. reading time\" \/>\n\t<meta name=\"twitter:data1\" content=\"10 minutes\" \/>\n<script type=\"application\/ld+json\" class=\"yoast-schema-graph\">{\"@context\":\"https:\/\/schema.org\",\"@graph\":[{\"@type\":\"WebPage\",\"@id\":\"https:\/\/www.reykjavikescape.is\/hopar\/barnaafmaeli\/\",\"url\":\"https:\/\/www.reykjavikescape.is\/hopar\/barnaafmaeli\/\",\"name\":\"Barnaafm\u00e6li - Reykjav\u00edk Escape\",\"isPartOf\":{\"@id\":\"https:\/\/www.reykjavikescape.is\/#website\"},\"datePublished\":\"2020-03-04T17:08:39+00:00\",\"dateModified\":\"2022-05-10T13:16:19+00:00\",\"description\":\"Haltu afm\u00e6li\u00f0 hj\u00e1 Reykjavik Escape!Afm\u00e6lisdagur barnsins \u00fe\u00edns \u00e1 a\u00f0 vera skemmtilegur, einstakur og eftirminnilegur. A\u00f0 halda barnaafm\u00e6li getur veri\u00f0\u00a0yfir\u00feyrmandi og fr\u00e1gangurinn oft mikill. Hv\u00ed ekki a\u00f0 leyfa okkur a\u00f0 sj\u00e1 um \u00fea\u00f0 fyrir \u00feig? \u00de\u00fa einfaldlega b\u00f3kar afm\u00e6li\u00f0 hj\u00e1 okkur, b\u00fd\u00f0ur gestunum og vi\u00f0 sj\u00e1um til \u00feess a\u00f0 afm\u00e6li\u00f0 sl\u00e1i \u00ed gegn!\",\"breadcrumb\":{\"@id\":\"https:\/\/www.reykjavikescape.is\/hopar\/barnaafmaeli\/#breadcrumb\"},\"inLanguage\":\"en-US\",\"potentialAction\":[{\"@type\":\"ReadAction\",\"target\":[\"https:\/\/www.reykjavikescape.is\/hopar\/barnaafmaeli\/\"]}]},{\"@type\":\"BreadcrumbList\",\"@id\":\"https:\/\/www.reykjavikescape.is\/hopar\/barnaafmaeli\/#breadcrumb\",\"itemListElement\":[{\"@type\":\"ListItem\",\"position\":1,\"name\":\"Home\",\"item\":\"https:\/\/www.reykjavikescape.is\/\"},{\"@type\":\"ListItem\",\"position\":2,\"name\":\"H\u00f3par\",\"item\":\"https:\/\/www.reykjavikescape.is\/hopar\/\"},{\"@type\":\"ListItem\",\"position\":3,\"name\":\"Barnaafm\u00e6li\"}]},{\"@type\":\"WebSite\",\"@id\":\"https:\/\/www.reykjavikescape.is\/#website\",\"url\":\"https:\/\/www.reykjavikescape.is\/\",\"name\":\"Reykjav\u00edk Escape\",\"description\":\"N\u00fd tegund af\u00fereyingar\",\"potentialAction\":[{\"@type\":\"SearchAction\",\"target\":{\"@type\":\"EntryPoint\",\"urlTemplate\":\"https:\/\/www.reykjavikescape.is\/?s={search_term_string}\"},\"query-input\":\"required name=search_term_string\"}],\"inLanguage\":\"en-US\"}]}<\/script>\n<!-- \/ Yoast SEO plugin. -->","yoast_head_json":{"title":"Barnaafm\u00e6li - Reykjav\u00edk Escape","description":"Haltu afm\u00e6li\u00f0 hj\u00e1 Reykjavik Escape!Afm\u00e6lisdagur barnsins \u00fe\u00edns \u00e1 a\u00f0 vera skemmtilegur, einstakur og eftirminnilegur. A\u00f0 halda barnaafm\u00e6li getur veri\u00f0\u00a0yfir\u00feyrmandi og fr\u00e1gangurinn oft mikill. Hv\u00ed ekki a\u00f0 leyfa okkur a\u00f0 sj\u00e1 um \u00fea\u00f0 fyrir \u00feig? \u00de\u00fa einfaldlega b\u00f3kar afm\u00e6li\u00f0 hj\u00e1 okkur, b\u00fd\u00f0ur gestunum og vi\u00f0 sj\u00e1um til \u00feess a\u00f0 afm\u00e6li\u00f0 sl\u00e1i \u00ed gegn!","robots":{"index":"index","follow":"follow","max-snippet":"max-snippet:-1","max-image-preview":"max-image-preview:large","max-video-preview":"max-video-preview:-1"},"canonical":"https:\/\/www.reykjavikescape.is\/en\/hopar\/barnaafmaeli\/","og_locale":"en_US","og_type":"article","og_title":"Barnaafm\u00e6li - Reykjav\u00edk Escape","og_description":"Haltu afm\u00e6li\u00f0 hj\u00e1 Reykjavik Escape!Afm\u00e6lisdagur barnsins \u00fe\u00edns \u00e1 a\u00f0 vera skemmtilegur, einstakur og eftirminnilegur. A\u00f0 halda barnaafm\u00e6li getur veri\u00f0\u00a0yfir\u00feyrmandi og fr\u00e1gangurinn oft mikill. Hv\u00ed ekki a\u00f0 leyfa okkur a\u00f0 sj\u00e1 um \u00fea\u00f0 fyrir \u00feig? \u00de\u00fa einfaldlega b\u00f3kar afm\u00e6li\u00f0 hj\u00e1 okkur, b\u00fd\u00f0ur gestunum og vi\u00f0 sj\u00e1um til \u00feess a\u00f0 afm\u00e6li\u00f0 sl\u00e1i \u00ed gegn!","og_url":"https:\/\/www.reykjavikescape.is\/en\/hopar\/barnaafmaeli\/","og_site_name":"Reykjav\u00edk Escape","article_publisher":"https:\/\/www.facebook.com\/reykjavikescape\/","article_modified_time":"2022-05-10T13:16:19+00:00","twitter_card":"summary_large_image","twitter_site":"@ReykjavikEscape","twitter_misc":{"Est. reading time":"10 minutes"},"schema":{"@context":"https:\/\/schema.org","@graph":[{"@type":"WebPage","@id":"https:\/\/www.reykjavikescape.is\/hopar\/barnaafmaeli\/","url":"https:\/\/www.reykjavikescape.is\/hopar\/barnaafmaeli\/","name":"Barnaafm\u00e6li - Reykjav\u00edk Escape","isPartOf":{"@id":"https:\/\/www.reykjavikescape.is\/#website"},"datePublished":"2020-03-04T17:08:39+00:00","dateModified":"2022-05-10T13:16:19+00:00","description":"Haltu afm\u00e6li\u00f0 hj\u00e1 Reykjavik Escape!Afm\u00e6lisdagur barnsins \u00fe\u00edns \u00e1 a\u00f0 vera skemmtilegur, einstakur og eftirminnilegur. A\u00f0 halda barnaafm\u00e6li getur veri\u00f0\u00a0yfir\u00feyrmandi og fr\u00e1gangurinn oft mikill. Hv\u00ed ekki a\u00f0 leyfa okkur a\u00f0 sj\u00e1 um \u00fea\u00f0 fyrir \u00feig? \u00de\u00fa einfaldlega b\u00f3kar afm\u00e6li\u00f0 hj\u00e1 okkur, b\u00fd\u00f0ur gestunum og vi\u00f0 sj\u00e1um til \u00feess a\u00f0 afm\u00e6li\u00f0 sl\u00e1i \u00ed gegn!","breadcrumb":{"@id":"https:\/\/www.reykjavikescape.is\/hopar\/barnaafmaeli\/#breadcrumb"},"inLanguage":"en-US","potentialAction":[{"@type":"ReadAction","target":["https:\/\/www.reykjavikescape.is\/hopar\/barnaafmaeli\/"]}]},{"@type":"BreadcrumbList","@id":"https:\/\/www.reykjavikescape.is\/hopar\/barnaafmaeli\/#breadcrumb","itemListElement":[{"@type":"ListItem","position":1,"name":"Home","item":"https:\/\/www.reykjavikescape.is\/"},{"@type":"ListItem","position":2,"name":"H\u00f3par","item":"https:\/\/www.reykjavikescape.is\/hopar\/"},{"@type":"ListItem","position":3,"name":"Barnaafm\u00e6li"}]},{"@type":"WebSite","@id":"https:\/\/www.reykjavikescape.is\/#website","url":"https:\/\/www.reykjavikescape.is\/","name":"Reykjav\u00edk Escape","description":"N\u00fd tegund af\u00fereyingar","potentialAction":[{"@type":"SearchAction","target":{"@type":"EntryPoint","urlTemplate":"https:\/\/www.reykjavikescape.is\/?s={search_term_string}"},"query-input":"required name=search_term_string"}],"inLanguage":"en-US"}]}},"_links":{"self":[{"href":"https:\/\/www.reykjavikescape.is\/en\/wp-json\/wp\/v2\/pages\/1676"}],"collection":[{"href":"https:\/\/www.reykjavikescape.is\/en\/wp-json\/wp\/v2\/pages"}],"about":[{"href":"https:\/\/www.reykjavikescape.is\/en\/wp-json\/wp\/v2\/types\/page"}],"author":[{"embeddable":true,"href":"https:\/\/www.reykjavikescape.is\/en\/wp-json\/wp\/v2\/users\/8"}],"replies":[{"embeddable":true,"href":"https:\/\/www.reykjavikescape.is\/en\/wp-json\/wp\/v2\/comments?post=1676"}],"version-history":[{"count":17,"href":"https:\/\/www.reykjavikescape.is\/en\/wp-json\/wp\/v2\/pages\/1676\/revisions"}],"predecessor-version":[{"id":2050,"href":"https:\/\/www.reykjavikescape.is\/en\/wp-json\/wp\/v2\/pages\/1676\/revisions\/2050"}],"up":[{"embeddable":true,"href":"https:\/\/www.reykjavikescape.is\/en\/wp-json\/wp\/v2\/pages\/1119"}],"wp:attachment":[{"href":"https:\/\/www.reykjavikescape.is\/en\/wp-json\/wp\/v2\/media?parent=1676"}],"curies":[{"name":"wp","href":"https:\/\/api.w.org\/{rel}","templated":true}]}}