{"id":1664,"date":"2020-01-23T15:42:17","date_gmt":"2020-01-23T15:42:17","guid":{"rendered":"https:\/\/www.reykjavikescape.is\/?page_id=1664"},"modified":"2021-04-05T15:11:16","modified_gmt":"2021-04-05T15:11:16","slug":"postlisti","status":"publish","type":"page","link":"https:\/\/www.reykjavikescape.is\/en\/postlisti\/","title":{"rendered":"Our newsletter"},"content":{"rendered":"<div class=\"fusion-fullwidth fullwidth-box fusion-builder-row-1 hundred-percent-fullwidth non-hundred-percent-height-scrolling\" style=\"background-color: rgba(255,255,255,0);background-position: center center;background-repeat: no-repeat;padding-top:0px;padding-right:0px;padding-bottom:0px;padding-left:0px;margin-bottom: 0px;margin-top: 0px;border-width: 0px 0px 0px 0px;border-color:#eae9e9;border-style:solid;\" ><div class=\"fusion-builder-row fusion-row\"><div class=\"fusion-layout-column fusion_builder_column fusion-builder-column-0 fusion_builder_column_1_1 1_1 fusion-one-full fusion-column-first fusion-column-last\" style=\"margin-top:0px;margin-bottom:20px;\"><div class=\"fusion-column-wrapper fusion-flex-column-wrapper-legacy\" style=\"background-position:left top;background-repeat:no-repeat;-webkit-background-size:cover;-moz-background-size:cover;-o-background-size:cover;background-size:cover;padding: 0px 0px 0px 0px;\"><div class=\"fusion-text fusion-text-1\"><p>[mc4wp_form id=&#8220;1667&#8243;]<\/p>\n<\/div><div class=\"fusion-clearfix\"><\/div><\/div><\/div><\/div><style type=\"text\/css\">.fusion-fullwidth.fusion-builder-row-1 { overflow:visible; }<\/style><\/div>","protected":false},"excerpt":{"rendered":"","protected":false},"author":8,"featured_media":0,"parent":0,"menu_order":0,"comment_status":"closed","ping_status":"closed","template":"","meta":[],"yoast_head":"<!-- This site is optimized with the Yoast SEO plugin v21.1 - https:\/\/yoast.com\/wordpress\/plugins\/seo\/ -->\n<title>P\u00f3stlisti - Reykjav\u00edk Escape<\/title>\n<meta name=\"robots\" content=\"index, follow, max-snippet:-1, max-image-preview:large, max-video-preview:-1\" \/>\n<link rel=\"canonical\" href=\"https:\/\/www.reykjavikescape.is\/en\/postlisti\/\" \/>\n<meta property=\"og:locale\" content=\"en_US\" \/>\n<meta property=\"og:type\" content=\"article\" \/>\n<meta property=\"og:title\" content=\"P\u00f3stlisti - Reykjav\u00edk Escape\" \/>\n<meta property=\"og:url\" content=\"https:\/\/www.reykjavikescape.is\/en\/postlisti\/\" \/>\n<meta property=\"og:site_name\" content=\"Reykjav\u00edk Escape\" \/>\n<meta property=\"article:publisher\" content=\"https:\/\/www.facebook.com\/reykjavikescape\/\" \/>\n<meta property=\"article:modified_time\" content=\"2021-04-05T15:11:16+00:00\" \/>\n<meta name=\"twitter:card\" content=\"summary_large_image\" \/>\n<meta name=\"twitter:site\" content=\"@ReykjavikEscape\" \/>\n<script type=\"application\/ld+json\" class=\"yoast-schema-graph\">{\"@context\":\"https:\/\/schema.org\",\"@graph\":[{\"@type\":\"WebPage\",\"@id\":\"https:\/\/www.reykjavikescape.is\/postlisti\/\",\"url\":\"https:\/\/www.reykjavikescape.is\/postlisti\/\",\"name\":\"P\u00f3stlisti - Reykjav\u00edk Escape\",\"isPartOf\":{\"@id\":\"https:\/\/www.reykjavikescape.is\/#website\"},\"datePublished\":\"2020-01-23T15:42:17+00:00\",\"dateModified\":\"2021-04-05T15:11:16+00:00\",\"breadcrumb\":{\"@id\":\"https:\/\/www.reykjavikescape.is\/postlisti\/#breadcrumb\"},\"inLanguage\":\"en-US\",\"potentialAction\":[{\"@type\":\"ReadAction\",\"target\":[\"https:\/\/www.reykjavikescape.is\/postlisti\/\"]}]},{\"@type\":\"BreadcrumbList\",\"@id\":\"https:\/\/www.reykjavikescape.is\/postlisti\/#breadcrumb\",\"itemListElement\":[{\"@type\":\"ListItem\",\"position\":1,\"name\":\"Home\",\"item\":\"https:\/\/www.reykjavikescape.is\/\"},{\"@type\":\"ListItem\",\"position\":2,\"name\":\"P\u00f3stlisti\"}]},{\"@type\":\"WebSite\",\"@id\":\"https:\/\/www.reykjavikescape.is\/#website\",\"url\":\"https:\/\/www.reykjavikescape.is\/\",\"name\":\"Reykjav\u00edk Escape\",\"description\":\"N\u00fd tegund af\u00fereyingar\",\"potentialAction\":[{\"@type\":\"SearchAction\",\"target\":{\"@type\":\"EntryPoint\",\"urlTemplate\":\"https:\/\/www.reykjavikescape.is\/?s={search_term_string}\"},\"query-input\":\"required name=search_term_string\"}],\"inLanguage\":\"en-US\"}]}<\/script>\n<!-- \/ Yoast SEO plugin. -->","yoast_head_json":{"title":"P\u00f3stlisti - Reykjav\u00edk Escape","robots":{"index":"index","follow":"follow","max-snippet":"max-snippet:-1","max-image-preview":"max-image-preview:large","max-video-preview":"max-video-preview:-1"},"canonical":"https:\/\/www.reykjavikescape.is\/en\/postlisti\/","og_locale":"en_US","og_type":"article","og_title":"P\u00f3stlisti - Reykjav\u00edk Escape","og_url":"https:\/\/www.reykjavikescape.is\/en\/postlisti\/","og_site_name":"Reykjav\u00edk Escape","article_publisher":"https:\/\/www.facebook.com\/reykjavikescape\/","article_modified_time":"2021-04-05T15:11:16+00:00","twitter_card":"summary_large_image","twitter_site":"@ReykjavikEscape","schema":{"@context":"https:\/\/schema.org","@graph":[{"@type":"WebPage","@id":"https:\/\/www.reykjavikescape.is\/postlisti\/","url":"https:\/\/www.reykjavikescape.is\/postlisti\/","name":"P\u00f3stlisti - Reykjav\u00edk Escape","isPartOf":{"@id":"https:\/\/www.reykjavikescape.is\/#website"},"datePublished":"2020-01-23T15:42:17+00:00","dateModified":"2021-04-05T15:11:16+00:00","breadcrumb":{"@id":"https:\/\/www.reykjavikescape.is\/postlisti\/#breadcrumb"},"inLanguage":"en-US","potentialAction":[{"@type":"ReadAction","target":["https:\/\/www.reykjavikescape.is\/postlisti\/"]}]},{"@type":"BreadcrumbList","@id":"https:\/\/www.reykjavikescape.is\/postlisti\/#breadcrumb","itemListElement":[{"@type":"ListItem","position":1,"name":"Home","item":"https:\/\/www.reykjavikescape.is\/"},{"@type":"ListItem","position":2,"name":"P\u00f3stlisti"}]},{"@type":"WebSite","@id":"https:\/\/www.reykjavikescape.is\/#website","url":"https:\/\/www.reykjavikescape.is\/","name":"Reykjav\u00edk Escape","description":"N\u00fd tegund af\u00fereyingar","potentialAction":[{"@type":"SearchAction","target":{"@type":"EntryPoint","urlTemplate":"https:\/\/www.reykjavikescape.is\/?s={search_term_string}"},"query-input":"required name=search_term_string"}],"inLanguage":"en-US"}]}},"_links":{"self":[{"href":"https:\/\/www.reykjavikescape.is\/en\/wp-json\/wp\/v2\/pages\/1664"}],"collection":[{"href":"https:\/\/www.reykjavikescape.is\/en\/wp-json\/wp\/v2\/pages"}],"about":[{"href":"https:\/\/www.reykjavikescape.is\/en\/wp-json\/wp\/v2\/types\/page"}],"author":[{"embeddable":true,"href":"https:\/\/www.reykjavikescape.is\/en\/wp-json\/wp\/v2\/users\/8"}],"replies":[{"embeddable":true,"href":"https:\/\/www.reykjavikescape.is\/en\/wp-json\/wp\/v2\/comments?post=1664"}],"version-history":[{"count":5,"href":"https:\/\/www.reykjavikescape.is\/en\/wp-json\/wp\/v2\/pages\/1664\/revisions"}],"predecessor-version":[{"id":1814,"href":"https:\/\/www.reykjavikescape.is\/en\/wp-json\/wp\/v2\/pages\/1664\/revisions\/1814"}],"wp:attachment":[{"href":"https:\/\/www.reykjavikescape.is\/en\/wp-json\/wp\/v2\/media?parent=1664"}],"curies":[{"name":"wp","href":"https:\/\/api.w.org\/{rel}","templated":true}]}}