{"id":1324,"date":"2015-12-21T15:21:52","date_gmt":"2015-12-21T15:21:52","guid":{"rendered":"http:\/\/www.reykjavikescape.is\/?page_id=1324"},"modified":"2022-05-10T13:18:55","modified_gmt":"2022-05-10T13:18:55","slug":"gjafabref","status":"publish","type":"page","link":"https:\/\/www.reykjavikescape.is\/en\/leikir\/gjafabref\/","title":{"rendered":"Gift cards"},"content":{"rendered":"<p><div class=\"fusion-fullwidth fullwidth-box fusion-builder-row-1 nonhundred-percent-fullwidth non-hundred-percent-height-scrolling\" style=\"background-color: rgba(255,255,255,0);background-position: left top;background-repeat: no-repeat;padding-top:20px;padding-right:0px;padding-bottom:20px;padding-left:0px;margin-bottom: 0px;margin-top: 0px;border-width: 0px 0px 0px 0px;border-color:#eae9e9;border-style:solid;\" ><div class=\"fusion-builder-row fusion-row\"><div class=\"fusion-layout-column fusion_builder_column fusion-builder-column-0 fusion_builder_column_2_3 2_3 fusion-two-third fusion-column-first\" style=\"width:65.3333%; margin-right: 4%;margin-top:0px;margin-bottom:20px;\"><div class=\"fusion-column-wrapper fusion-flex-column-wrapper-legacy\" style=\"background-position:left top;background-repeat:no-repeat;-webkit-background-size:cover;-moz-background-size:cover;-o-background-size:cover;background-size:cover;padding: 0px 0px 0px 0px;\"><div class=\"fusion-text fusion-text-1\"><h2 class=\"fusion-responsive-typography-calculated\" style=\"--fontsize: 48; line-height: 1.33;\" data-fontsize=\"48\" data-lineheight=\"63.84px\">Gift cards<\/h2>\n<p>Our gift cards are a popular gift that provides access to a thrilling experience where a small group of people (2-12 players) are locked up in a specially designed room and has 60 minutes to escape!<\/p>\n<p>You can choose inbetween seven different rooms that all have their own theme, backstory, clues and puzzles that stand in your way.<\/p>\n<p>The rooms are demanding and will test your rescourcefulness, cooperation and organizing abilities.<\/p>\n<p>Ver\u00f0 gjafabr\u00e9fa hj\u00e1 Reykjavik Escape er 6.000 kr. \u00e1 mann.<\/p>\n<p>The gift cards are available at our location - Borgart\u00fan 6, 105 Reykjavik but you can also order them here below, by calling us at +354 546 0100 or by sending us an email at info@reykjavikescape.com <a href=\"mailto:info@reykjavikescape.is\"><\/p><\/a>.<\/p>\n<\/div><div class=\"fusion-clearfix\"><\/div><\/div><\/div><div class=\"fusion-layout-column fusion_builder_column fusion-builder-column-1 fusion_builder_column_1_3 1_3 fusion-one-third fusion-column-last\" style=\"width:30.6666%;margin-top:0px;margin-bottom:20px;\"><div class=\"fusion-column-wrapper fusion-flex-column-wrapper-legacy\" style=\"background-position:left top;background-repeat:no-repeat;-webkit-background-size:cover;-moz-background-size:cover;-o-background-size:cover;background-size:cover;padding: 0px 0px 0px 0px;\"><div class=\"fusion-image-frame-bottomshadow image-frame-shadow-1\"><style>.fusion-image-frame-bottomshadow.image-frame-shadow-1{display:inline-block}.element-bottomshadow.imageframe-1:before, .element-bottomshadow.imageframe-1:after{-webkit-box-shadow: 0 17px 10px rgba(0,0,0,0.4);box-shadow: 0 17px 10px rgba(0,0,0,0.4);}<\/style><span class=\"fusion-imageframe imageframe-bottomshadow imageframe-1 element-bottomshadow hover-type-none\"><img decoding=\"async\" width=\"740\" height=\"555\" alt=\"Gjafabr\u00e9f Reykjav\u00edk Escape eru afar vins\u00e6l gj\u00f6f\" title=\"Gift cards\" src=\"https:\/\/www.reykjavikescape.is\/wp-content\/uploads\/2015\/12\/resc-gjafabref.jpg\" class=\"img-responsive wp-image-1327\"\/><\/span><\/div><div class=\"fusion-clearfix\"><\/div><\/div><\/div><\/div><\/div><div class=\"fusion-fullwidth fullwidth-box fusion-builder-row-2 nonhundred-percent-fullwidth non-hundred-percent-height-scrolling\" style=\"background-color: #ffffff;background-position: left top;background-repeat: no-repeat;padding-top:20px;padding-right:20px;padding-bottom:20px;padding-left:20px;margin-bottom: 0px;margin-top: 0px;border-width: 0px 0px 0px 0px;border-color:#eae9e9;border-style:solid;\" ><div class=\"fusion-builder-row fusion-row\"><div class=\"fusion-layout-column fusion_builder_column fusion-builder-column-2 fusion_builder_column_1_1 1_1 fusion-one-full fusion-column-first fusion-column-last\" style=\"margin-top:0px;margin-bottom:20px;\"><div class=\"fusion-column-wrapper fusion-flex-column-wrapper-legacy\" style=\"background-position:left top;background-repeat:no-repeat;-webkit-background-size:cover;-moz-background-size:cover;-o-background-size:cover;background-size:cover;padding: 0px 0px 0px 0px;\"><div id=\"bokun-w857_6051e6a2_171c_41e9_9775_367b0c81fb9c\">Loading...<\/div><script type=\"text\/javascript\">\r\nvar w857_6051e6a2_171c_41e9_9775_367b0c81fb9c;\r\n(function(d, t) {\r\n  var host = 'widgets.bokun.io';\r\n  var frameUrl = 'https:\/\/' + host + '\/widgets\/857?bookingChannelUUID=a131a673-dcfd-4055-917a-a9e69e92c5cb&lang=is&ccy=ISK&hash=w857_6051e6a2_171c_41e9_9775_367b0c81fb9c';\r\n  var s = d.createElement(t), options = {'host': host, 'frameUrl': frameUrl, 'widgetHash':'w857_6051e6a2_171c_41e9_9775_367b0c81fb9c', 'autoResize':true,'height':'','width':'100%', 'minHeight': 0,'async':true, 'ssl':true, 'affiliateTrackingCode': '', 'transientSession': true, 'cookieLifetime': 43200 };\r\n  s.src = 'https:\/\/' + host + '\/assets\/javascripts\/widgets\/embedder.js';\r\n  s.onload = s.onreadystatechange = function() {\r\n    var rs = this.readyState; if (rs) if (rs != 'complete') if (rs != 'loaded') return;\r\n    try {\r\n      w857_6051e6a2_171c_41e9_9775_367b0c81fb9c = new BokunWidgetEmbedder(); w857_6051e6a2_171c_41e9_9775_367b0c81fb9c.initialize(options); w857_6051e6a2_171c_41e9_9775_367b0c81fb9c.display();\r\n    } catch (e) {}\r\n  };\r\n  var scr = d.getElementsByTagName(t)[0], par = scr.parentNode; par.insertBefore(s, scr);\r\n})(document, 'script');\r\n<\/script>\r\n<div class=\"fusion-clearfix\"><\/div><\/div><\/div><\/div><\/div><\/p>","protected":false},"excerpt":{"rendered":"","protected":false},"author":8,"featured_media":0,"parent":960,"menu_order":0,"comment_status":"closed","ping_status":"closed","template":"","meta":[],"yoast_head":"<!-- This site is optimized with the Yoast SEO plugin v21.1 - https:\/\/yoast.com\/wordpress\/plugins\/seo\/ -->\n<title>Gjafabr\u00e9f - Reykjav\u00edk Escape<\/title>\n<meta name=\"robots\" content=\"index, follow, max-snippet:-1, max-image-preview:large, max-video-preview:-1\" \/>\n<link rel=\"canonical\" href=\"https:\/\/www.reykjavikescape.is\/en\/leikir\/gjafabref\/\" \/>\n<meta property=\"og:locale\" content=\"en_US\" \/>\n<meta property=\"og:type\" content=\"article\" \/>\n<meta property=\"og:title\" content=\"Gjafabr\u00e9f - Reykjav\u00edk Escape\" \/>\n<meta property=\"og:url\" content=\"https:\/\/www.reykjavikescape.is\/en\/leikir\/gjafabref\/\" \/>\n<meta property=\"og:site_name\" content=\"Reykjav\u00edk Escape\" \/>\n<meta property=\"article:publisher\" content=\"https:\/\/www.facebook.com\/reykjavikescape\/\" \/>\n<meta property=\"article:modified_time\" content=\"2022-05-10T13:18:55+00:00\" \/>\n<meta property=\"og:image\" content=\"https:\/\/www.reykjavikescape.is\/wp-content\/uploads\/2015\/12\/resc-gjafabref.jpg\" \/>\n<meta name=\"twitter:card\" content=\"summary_large_image\" \/>\n<meta name=\"twitter:site\" content=\"@ReykjavikEscape\" \/>\n<meta name=\"twitter:label1\" content=\"Est. reading time\" \/>\n\t<meta name=\"twitter:data1\" content=\"4 minutes\" \/>\n<script type=\"application\/ld+json\" class=\"yoast-schema-graph\">{\"@context\":\"https:\/\/schema.org\",\"@graph\":[{\"@type\":\"WebPage\",\"@id\":\"https:\/\/www.reykjavikescape.is\/leikir\/gjafabref\/\",\"url\":\"https:\/\/www.reykjavikescape.is\/leikir\/gjafabref\/\",\"name\":\"Gjafabr\u00e9f - Reykjav\u00edk Escape\",\"isPartOf\":{\"@id\":\"https:\/\/www.reykjavikescape.is\/#website\"},\"datePublished\":\"2015-12-21T15:21:52+00:00\",\"dateModified\":\"2022-05-10T13:18:55+00:00\",\"breadcrumb\":{\"@id\":\"https:\/\/www.reykjavikescape.is\/leikir\/gjafabref\/#breadcrumb\"},\"inLanguage\":\"en-US\",\"potentialAction\":[{\"@type\":\"ReadAction\",\"target\":[\"https:\/\/www.reykjavikescape.is\/leikir\/gjafabref\/\"]}]},{\"@type\":\"BreadcrumbList\",\"@id\":\"https:\/\/www.reykjavikescape.is\/leikir\/gjafabref\/#breadcrumb\",\"itemListElement\":[{\"@type\":\"ListItem\",\"position\":1,\"name\":\"Home\",\"item\":\"https:\/\/www.reykjavikescape.is\/\"},{\"@type\":\"ListItem\",\"position\":2,\"name\":\"Leikir\",\"item\":\"https:\/\/www.reykjavikescape.is\/leikir\/\"},{\"@type\":\"ListItem\",\"position\":3,\"name\":\"Gjafabr\u00e9f\"}]},{\"@type\":\"WebSite\",\"@id\":\"https:\/\/www.reykjavikescape.is\/#website\",\"url\":\"https:\/\/www.reykjavikescape.is\/\",\"name\":\"Reykjav\u00edk Escape\",\"description\":\"N\u00fd tegund af\u00fereyingar\",\"potentialAction\":[{\"@type\":\"SearchAction\",\"target\":{\"@type\":\"EntryPoint\",\"urlTemplate\":\"https:\/\/www.reykjavikescape.is\/?s={search_term_string}\"},\"query-input\":\"required name=search_term_string\"}],\"inLanguage\":\"en-US\"}]}<\/script>\n<!-- \/ Yoast SEO plugin. -->","yoast_head_json":{"title":"Gjafabr\u00e9f - Reykjav\u00edk Escape","robots":{"index":"index","follow":"follow","max-snippet":"max-snippet:-1","max-image-preview":"max-image-preview:large","max-video-preview":"max-video-preview:-1"},"canonical":"https:\/\/www.reykjavikescape.is\/en\/leikir\/gjafabref\/","og_locale":"en_US","og_type":"article","og_title":"Gjafabr\u00e9f - Reykjav\u00edk Escape","og_url":"https:\/\/www.reykjavikescape.is\/en\/leikir\/gjafabref\/","og_site_name":"Reykjav\u00edk Escape","article_publisher":"https:\/\/www.facebook.com\/reykjavikescape\/","article_modified_time":"2022-05-10T13:18:55+00:00","og_image":[{"url":"https:\/\/www.reykjavikescape.is\/wp-content\/uploads\/2015\/12\/resc-gjafabref.jpg"}],"twitter_card":"summary_large_image","twitter_site":"@ReykjavikEscape","twitter_misc":{"Est. reading time":"4 minutes"},"schema":{"@context":"https:\/\/schema.org","@graph":[{"@type":"WebPage","@id":"https:\/\/www.reykjavikescape.is\/leikir\/gjafabref\/","url":"https:\/\/www.reykjavikescape.is\/leikir\/gjafabref\/","name":"Gjafabr\u00e9f - Reykjav\u00edk Escape","isPartOf":{"@id":"https:\/\/www.reykjavikescape.is\/#website"},"datePublished":"2015-12-21T15:21:52+00:00","dateModified":"2022-05-10T13:18:55+00:00","breadcrumb":{"@id":"https:\/\/www.reykjavikescape.is\/leikir\/gjafabref\/#breadcrumb"},"inLanguage":"en-US","potentialAction":[{"@type":"ReadAction","target":["https:\/\/www.reykjavikescape.is\/leikir\/gjafabref\/"]}]},{"@type":"BreadcrumbList","@id":"https:\/\/www.reykjavikescape.is\/leikir\/gjafabref\/#breadcrumb","itemListElement":[{"@type":"ListItem","position":1,"name":"Home","item":"https:\/\/www.reykjavikescape.is\/"},{"@type":"ListItem","position":2,"name":"Leikir","item":"https:\/\/www.reykjavikescape.is\/leikir\/"},{"@type":"ListItem","position":3,"name":"Gjafabr\u00e9f"}]},{"@type":"WebSite","@id":"https:\/\/www.reykjavikescape.is\/#website","url":"https:\/\/www.reykjavikescape.is\/","name":"Reykjav\u00edk Escape","description":"N\u00fd tegund af\u00fereyingar","potentialAction":[{"@type":"SearchAction","target":{"@type":"EntryPoint","urlTemplate":"https:\/\/www.reykjavikescape.is\/?s={search_term_string}"},"query-input":"required name=search_term_string"}],"inLanguage":"en-US"}]}},"_links":{"self":[{"href":"https:\/\/www.reykjavikescape.is\/en\/wp-json\/wp\/v2\/pages\/1324"}],"collection":[{"href":"https:\/\/www.reykjavikescape.is\/en\/wp-json\/wp\/v2\/pages"}],"about":[{"href":"https:\/\/www.reykjavikescape.is\/en\/wp-json\/wp\/v2\/types\/page"}],"author":[{"embeddable":true,"href":"https:\/\/www.reykjavikescape.is\/en\/wp-json\/wp\/v2\/users\/8"}],"replies":[{"embeddable":true,"href":"https:\/\/www.reykjavikescape.is\/en\/wp-json\/wp\/v2\/comments?post=1324"}],"version-history":[{"count":25,"href":"https:\/\/www.reykjavikescape.is\/en\/wp-json\/wp\/v2\/pages\/1324\/revisions"}],"predecessor-version":[{"id":2053,"href":"https:\/\/www.reykjavikescape.is\/en\/wp-json\/wp\/v2\/pages\/1324\/revisions\/2053"}],"up":[{"embeddable":true,"href":"https:\/\/www.reykjavikescape.is\/en\/wp-json\/wp\/v2\/pages\/960"}],"wp:attachment":[{"href":"https:\/\/www.reykjavikescape.is\/en\/wp-json\/wp\/v2\/media?parent=1324"}],"curies":[{"name":"wp","href":"https:\/\/api.w.org\/{rel}","templated":true}]}}